{"id":531,"date":"2023-02-06T16:22:06","date_gmt":"2023-02-06T15:22:06","guid":{"rendered":"https:\/\/sophiavari.com\/contact\/"},"modified":"2023-02-15T10:14:53","modified_gmt":"2023-02-15T09:14:53","slug":"contact","status":"publish","type":"page","link":"https:\/\/sophiavari.com\/fr\/contact\/","title":{"rendered":"Contact"},"content":{"rendered":"<section class=\"wpb-content-wrapper\"><p>[vc_row dfd_row_config=\u00a0\u00bbfull_width_content_paddings\u00a0\u00bb][vc_column][vc_raw_html]JTNDZGl2JTIwY2xhc3MlM0QlMjJ2YXItdGl0bGUtd3JhcCUyMiUzRSUwQSUwOSUzQ2gxJTNFQ29udGFjdCUzQyUyRmgxJTNFJTBBJTNDJTJGZGl2JTNF[\/vc_raw_html][\/vc_column][\/vc_row][vc_row dfd_row_config=\u00a0\u00bbfull_width_content_paddings\u00a0\u00bb][vc_column width=\u00a0\u00bb3\/12&Prime;][\/vc_column][vc_column width=\u00a0\u00bb9\/12&Prime;][vc_raw_html]JTNDZGl2JTIwY2xhc3MlM0QlMjJ2YXItaW50cm8tdGV4dCUyMiUzRSUwQSUwOSUzQ3AlM0VQZWludHJlJTIwZXQlMjBzY3VscHRldXIlMjBncmVjcXVlJTIwJTI4MTk0MC0lMjklMkMlMjBTb3BoaWElMjBDYW5lbGxvcG91bG91JTIwZXN0JTIwbiVDMyVBOWUlMjBwciVDMyVBOHMlMjBkJUUyJTgwJTk5QXRoJUMzJUE4bmVzJTIwZCVFMiU4MCU5OXVuJTIwcCVDMyVBOHJlJTIwZ3JlYyUyMGV0JTIwZCVFMiU4MCU5OXVuZSUyMG0lQzMlQThyZSUyMGhvbmdyb2lzZS4lMjBFbGxlJTIwdXRpbGlzZSUyMCVDMiVBQiUyMFZhcmklMjAlQzIlQkIlMjBjb21tZSUyMG5vbSUyMGQlMjdhcnRpc3RlJTIwZW4lMjBob21tYWdlJTIwJUMzJUEwJTIwc29uJTIwdmlsbGFnZSUyMG5hdGFsLiUyMCVDMiVBQiUyMENlJTIwcXVlJTIwamUlMjBjaGVyY2hlJTJDJTIwYyUyN2VzdCUyMHByZW5kcmUlMjBsYSUyMGclQzMlQTlvbSVDMyVBOXRyaWUlMkMlMjBsZSUyMHZvbHVtZSUyMGV0JTIwbGElMjBmb3JtZSUyMGV0JTIwbCUyN2h1bWFuaXNlciUyMGRhbnMlMjBsJTI3ZXNwYWNlJTIwJUMyJUJCJTJDJTIwZGl0LWVsbGUlMjAlQzMlQTAlMjBwcm9wb3MlMjBkZSUyMHNvbiUyMHRyYXZhaWwuJTNDJTJGcCUzRSUwQSUwQSUzQyUyRmRpdiUzRQ==[\/vc_raw_html]<div class=\"dfd-spacer-module\"  data-units=\"px\" data-wide_resolution=\"1280\" data-wide_size=\"40\" data-normal_resolution=\"1024\" data-normal_size=\"40\" data-tablet_resolution=\"800\" data-tablet_size=\"40\" data-mobile_resolution=\"480\" data-mobile_size=\"40\" style=\"height: 40px;\"><\/div>[dfd_user_form fake_check_layout=\u00a0\u00bbforms_04&Prime; borderwidth=\u00a0\u00bb1&Prime; border_radius=\u00a0\u00bb0&Prime; text_area_height=\u00a0\u00bb5&Prime; vert_margin_btw_inputs=\u00a0\u00bb5&Prime; horiz_margin_btw_inputs=\u00a0\u00bb5&Prime; font_size=\u00a0\u00bb12&Prime; check_layout=\u00a0\u00bbforms_04.php\u00a0\u00bb check_layout_forms_04=\u00a0\u00bb{\u00ab\u00a01\u00ab\u00a0:{\u00ab\u00a0text_name\u00ab\u00a0:{\u00ab\u00a0name\u00ab\u00a0:\u00ab\u00a0First name\u00ab\u00a0,\u00ab\u00a0akismet_comment_author-1\u00ab\u00a0:\u00ab\u00a01\u00ab\u00a0,\u00ab\u00a0required-1\u00ab\u00a0:\u00ab\u00a01\u00ab\u00a0}},\u00ab\u00a02\u00ab\u00a0:{\u00ab\u00a0text_name\u00ab\u00a0:{\u00ab\u00a0name\u00ab\u00a0:\u00ab\u00a0Last name\u00ab\u00a0}},\u00ab\u00a03\u00ab\u00a0:{\u00ab\u00a0email\u00ab\u00a0:{\u00ab\u00a0name\u00ab\u00a0:\u00ab\u00a0Subject\u00ab\u00a0}},\u00ab\u00a04\u00ab\u00a0:{\u00ab\u00a0textarea_name\u00ab\u00a0:{\u00ab\u00a0name\u00ab\u00a0:\u00ab\u00a0Message\u00ab\u00a0}},\u00ab\u00a05\u00ab\u00a0:{\u00ab\u00a0drop_down\u00ab\u00a0:{\u00ab\u00a0name\u00ab\u00a0:\u00ab\u00a0Interest\u00ab\u00a0,\u00ab\u00a0options\u00ab\u00a0:\u00ab\u00a0Interest\\nCatalogues\\nCopyrights &amp; Reproduction\\nExhibitions &amp; Loans\\nResearches\u00ab\u00a0}}}\u00a0\u00bb]From: {{your-name}}<br \/>\nSubject: {{your-subject}}<\/p>\n<p>Message Body:<br \/>\n{{your-message}}<\/p>\n<p>&#8212;<br \/>\nThis e-mail was sent from a contact form[\/dfd_user_form]<div class=\"dfd-spacer-module\"  data-units=\"px\" data-wide_resolution=\"1280\" data-wide_size=\"40\" data-normal_resolution=\"1024\" data-normal_size=\"40\" data-tablet_resolution=\"800\" data-tablet_size=\"40\" data-mobile_resolution=\"480\" data-mobile_size=\"40\" style=\"height: 40px;\"><\/div><div class=\"dfd-spacer-module\"  data-units=\"px\" data-wide_resolution=\"1280\" data-wide_size=\"40\" data-normal_resolution=\"1024\" data-normal_size=\"40\" data-tablet_resolution=\"800\" data-tablet_size=\"40\" data-mobile_resolution=\"480\" data-mobile_size=\"40\" style=\"height: 40px;\"><\/div>[\/vc_column][\/vc_row][vc_row dfd_row_config=\u00a0\u00bbfull_width_content_paddings\u00a0\u00bb][vc_column][vc_raw_html]JTNDZGl2JTIwY2xhc3MlM0QlMjJ2YXItdGl0bGUtd3JhcCUyMiUzRSUwQSUwOSUzQ2gyJTNFSW5zdGElMjBtb21lbnRzJTNDJTJGaDIlM0UlMEElM0MlMkZkaXYlM0U=[\/vc_raw_html][\/vc_column][\/vc_row][vc_row dfd_row_config=\u00a0\u00bbfull_width_content_paddings\u00a0\u00bb el_class=\u00a0\u00bbvar-insta-section\u00a0\u00bb][vc_column width=\u00a0\u00bb3\/12&Prime;][\/vc_column][vc_column width=\u00a0\u00bb9\/12&Prime;][vc_column_text]\t\t<div id=\"sbi_mod_error\" >\n\t\t\t<span>Ce message d\u2019erreur n\u2019est visible que pour les administrateurs de WordPress<\/span><br\/>\n\t\t\t<p><strong>Erreur\u00a0:  aucun flux avec l\u2019ID 3 n\u2019a \u00e9t\u00e9 trouv\u00e9.<\/strong>\n\t\t\t<p>Veuillez aller sur la page de r\u00e9glages d\u2018Instagram Feed pour connecter votre compte.<\/p>\n\t\t<\/div>\n\t\t[\/vc_column_text][vc_raw_html]JTNDYSUyMGhyZWYlM0QlMjJodHRwcyUzQSUyRiUyRnd3dy5pbnN0YWdyYW0uY29tJTJGc29waGlhX3ZhcmlfYXJ0JTJGJTIyJTIwdGFyZ2V0JTNEJTIyX2JsYW5rJTIyJTIwY2xhc3MlM0QlMjJ2YXItcm0lMjB2YXItZm9sbG93JTIyJTNFU3VpdnJlJTIwbGUlMjBjb21wdGUlMjBvZmZpY2llbCUzQyUyRmElM0U=[\/vc_raw_html][\/vc_column][\/vc_row]<\/p>\n<\/section>","protected":false},"excerpt":{"rendered":"<p>[vc_row dfd_row_config=\u00a0\u00bbfull_width_content_paddings\u00a0\u00bb][vc_column][vc_raw_html]JTNDZGl2JTIwY2xhc3MlM0QlMjJ2YXItdGl0bGUtd3JhcCUyMiUzRSUwQSUwOSUzQ2gxJTNFQ29udGFjdCUzQyUyRmgxJTNFJTBBJTNDJTJGZGl2JTNF[\/vc_raw_html][\/vc_column][\/vc_row][vc_row dfd_row_config=\u00a0\u00bbfull_width_content_paddings\u00a0\u00bb][vc_column width=\u00a0\u00bb3\/12&Prime;][\/vc_column][vc_column width=\u00a0\u00bb9\/12&Prime;][vc_raw_html]JTNDZGl2JTIwY2xhc3MlM0QlMjJ2YXItaW50cm8tdGV4dCUyMiUzRSUwQSUwOSUzQ3AlM0VQZWludHJlJTIwZXQlMjBzY3VscHRldXIlMjBncmVjcXVlJTIwJTI4MTk0MC0lMjklMkMlMjBTb3BoaWElMjBDYW5lbGxvcG91bG91JTIwZXN0JTIwbiVDMyVBOWUlMjBwciVDMyVBOHMlMjBkJUUyJTgwJTk5QXRoJUMzJUE4bmVzJTIwZCVFMiU4MCU5OXVuJTIwcCVDMyVBOHJlJTIwZ3JlYyUyMGV0JTIwZCVFMiU4MCU5OXVuZSUyMG0lQzMlQThyZSUyMGhvbmdyb2lzZS4lMjBFbGxlJTIwdXRpbGlzZSUyMCVDMiVBQiUyMFZhcmklMjAlQzIlQkIlMjBjb21tZSUyMG5vbSUyMGQlMjdhcnRpc3RlJTIwZW4lMjBob21tYWdlJTIwJUMzJUEwJTIwc29uJTIwdmlsbGFnZSUyMG5hdGFsLiUyMCVDMiVBQiUyMENlJTIwcXVlJTIwamUlMjBjaGVyY2hlJTJDJTIwYyUyN2VzdCUyMHByZW5kcmUlMjBsYSUyMGclQzMlQTlvbSVDMyVBOXRyaWUlMkMlMjBsZSUyMHZvbHVtZSUyMGV0JTIwbGElMjBmb3JtZSUyMGV0JTIwbCUyN2h1bWFuaXNlciUyMGRhbnMlMjBsJTI3ZXNwYWNlJTIwJUMyJUJCJTJDJTIwZGl0LWVsbGUlMjAlQzMlQTAlMjBwcm9wb3MlMjBkZSUyMHNvbiUyMHRyYXZhaWwuJTNDJTJGcCUzRSUwQSUwQSUzQyUyRmRpdiUzRQ==[\/vc_raw_html][dfd_user_form fake_check_layout=\u00a0\u00bbforms_04&Prime; borderwidth=\u00a0\u00bb1&Prime; border_radius=\u00a0\u00bb0&Prime; text_area_height=\u00a0\u00bb5&Prime; vert_margin_btw_inputs=\u00a0\u00bb5&Prime; horiz_margin_btw_inputs=\u00a0\u00bb5&Prime; font_size=\u00a0\u00bb12&Prime; check_layout=\u00a0\u00bbforms_04.php\u00a0\u00bb check_layout_forms_04=\u00a0\u00bb{\u00ab\u00a01\u00ab\u00a0:{\u00ab\u00a0text_name\u00ab\u00a0:{\u00ab\u00a0name\u00ab\u00a0:\u00ab\u00a0First name\u00ab\u00a0,\u00ab\u00a0akismet_comment_author-1\u00ab\u00a0:\u00ab\u00a01\u00ab\u00a0,\u00ab\u00a0required-1\u00ab\u00a0:\u00ab\u00a01\u00ab\u00a0}},\u00ab\u00a02\u00ab\u00a0:{\u00ab\u00a0text_name\u00ab\u00a0:{\u00ab\u00a0name\u00ab\u00a0:\u00ab\u00a0Last name\u00ab\u00a0}},\u00ab\u00a03\u00ab\u00a0:{\u00ab\u00a0email\u00ab\u00a0:{\u00ab\u00a0name\u00ab\u00a0:\u00ab\u00a0Subject\u00ab\u00a0}},\u00ab\u00a04\u00ab\u00a0:{\u00ab\u00a0textarea_name\u00ab\u00a0:{\u00ab\u00a0name\u00ab\u00a0:\u00ab\u00a0Message\u00ab\u00a0}},\u00ab\u00a05\u00ab\u00a0:{\u00ab\u00a0drop_down\u00ab\u00a0:{\u00ab\u00a0name\u00ab\u00a0:\u00ab\u00a0Interest\u00ab\u00a0,\u00ab\u00a0options\u00ab\u00a0:\u00ab\u00a0Interest\\nCatalogues\\nCopyrights &amp; Reproduction\\nExhibitions &amp; Loans\\nResearches\u00ab\u00a0}}}\u00a0\u00bb]From: {{your-name}} Subject: {{your-subject}} Message Body: {{your-message}} &#8212; This e-mail was<\/p>\n","protected":false},"author":1,"featured_media":0,"parent":0,"menu_order":0,"comment_status":"closed","ping_status":"closed","template":"page-custom-with-header.php","meta":{"_acf_changed":false,"_monsterinsights_skip_tracking":false,"_monsterinsights_sitenote_active":false,"_monsterinsights_sitenote_note":"","_monsterinsights_sitenote_category":0,"footnotes":""},"class_list":["post-531","page","type-page","status-publish","hentry"],"acf":[],"aioseo_notices":[],"_links":{"self":[{"href":"https:\/\/sophiavari.com\/fr\/wp-json\/wp\/v2\/pages\/531","targetHints":{"allow":["GET"]}}],"collection":[{"href":"https:\/\/sophiavari.com\/fr\/wp-json\/wp\/v2\/pages"}],"about":[{"href":"https:\/\/sophiavari.com\/fr\/wp-json\/wp\/v2\/types\/page"}],"author":[{"embeddable":true,"href":"https:\/\/sophiavari.com\/fr\/wp-json\/wp\/v2\/users\/1"}],"replies":[{"embeddable":true,"href":"https:\/\/sophiavari.com\/fr\/wp-json\/wp\/v2\/comments?post=531"}],"version-history":[{"count":3,"href":"https:\/\/sophiavari.com\/fr\/wp-json\/wp\/v2\/pages\/531\/revisions"}],"predecessor-version":[{"id":534,"href":"https:\/\/sophiavari.com\/fr\/wp-json\/wp\/v2\/pages\/531\/revisions\/534"}],"wp:attachment":[{"href":"https:\/\/sophiavari.com\/fr\/wp-json\/wp\/v2\/media?parent=531"}],"curies":[{"name":"wp","href":"https:\/\/api.w.org\/{rel}","templated":true}]}}